{"id":66450,"date":"2024-02-25T20:00:41","date_gmt":"2024-02-25T19:00:41","guid":{"rendered":"https:\/\/karatoprak.landau-webdesign.com\/?page_id=66450"},"modified":"2024-02-26T14:45:38","modified_gmt":"2024-02-26T13:45:38","slug":"impressum","status":"publish","type":"page","link":"https:\/\/karatoprak.landau-webdesign.com\/index.php\/impressum\/","title":{"rendered":"Impressum"},"content":{"rendered":"\n<p><strong>Informationen und Offenlegung gem\u00e4\u00df \u00a75 (1) ECG, \u00a7 25 MedienG, \u00a7 63 GewO und \u00a7 14 UGB<\/strong><\/p>\n\n\n\n<p><strong>Webseitenbetreiber:<\/strong> GARTENARBEITEN KARATOPRAK KG<br><strong>Firmenbuchnummer:<\/strong> FN 227212 k<br><strong>Firmenbuchgericht:<\/strong> Landesgericht Wr. Neustadt<\/p>\n\n\n\n<p><strong>Anschrift:<\/strong> Industriegasse 48, 2700 Wr. Neustadt<\/p>\n\n\n\n<p><strong>UID-Nr:<\/strong> ATU56973902<br><strong>Gewerbeaufsichtbeh\u00f6rde:<\/strong> BH Wr. Neustadt<br><strong>Mitgliedschaften: <\/strong>Mitglied der WK\u00d6<\/p>\n\n\n\n<p><strong>Kontaktdaten:<\/strong><br>Telefon: +43 699\/116 911 50<br>Email: info@karatoprak.at<br>Fax:02622\/29416<\/p>\n\n\n\n<p><strong>Anwendbare Rechtsvorschrift:<\/strong> www.ris.bka.gv.at<br><strong>Berufsbezeichnung:<\/strong> Meisterbetrieb<\/p>\n\n\n\n<p><strong>Online Streitbeilegung:<\/strong> Verbraucher, welche in \u00d6sterreich oder in einem sonstigen Vertragsstaat der ODR-VO niedergelassen sind, haben die M\u00f6glichkeit Probleme bez\u00fcglich dem entgeltlichen Kauf von Waren oder Dienstleistungen im Rahmen einer Online-Streitbeilegung (nach OS, AStG) zu l\u00f6sen. Die Europ\u00e4ische Kommission stellt eine Plattform hierf\u00fcr bereit: https:\/\/ec.europa.eu\/consumers\/odr<\/p>\n\n\n\n<p><strong>Urheberrecht:<\/strong> Die Inhalte dieser Webseite unterliegen, soweit dies rechtlich m\u00f6glich ist, diversen Schutzrechten (z.B dem Urheberrecht). Jegliche Verwendung\/Verbreitung von bereitgestelltem Material, welche urheberrechtlich untersagt ist, bedarf schriftlicher Zustimmung des Webseitenbetreibers.<\/p>\n\n\n\n<p><strong>Haftungsausschluss:<\/strong> Trotz sorgf\u00e4ltiger inhaltlicher Kontrolle \u00fcbernimmt der Webseitenbetreiber dieser Webseite keine Haftung f\u00fcr die Inhalte externer Links. F\u00fcr den Inhalt der verlinkten Seiten sind ausschlie\u00dflich deren Betreiber verantwortlich. Sollten Sie dennoch auf ausgehende Links aufmerksam werden, welche auf eine Webseite mit rechtswidriger T\u00e4tigkeit\/Information verweisen, ersuchen wir um dementsprechenden Hinweis, um diese nach \u00a7 17 Abs. 2 ECG umgehend zu entfernen.<br>Die Urheberrechte Dritter werden vom Betreiber dieser Webseite mit gr\u00f6\u00dfter Sorgfalt beachtet. Sollten Sie trotzdem auf eine Urheberrechtsverletzung aufmerksam werden, bitten wir um einen entsprechenden Hinweis. Bei Bekanntwerden derartiger Rechtsverletzungen werden wir den betroffenen Inhalt umgehend entfernen.<\/p>\n\n\n\n<p>Quelle: <strong><a href=\"https:\/\/www.rechtstexte-generator.at\/impressum-generator\/\">Impressum Generator \u00d6sterreich<\/a> in Kooperation mit <a href=\"https:\/\/ortner-rechtsanwalt.at\">Rechtsanwalt Wien<\/a><\/strong><\/p>\n","protected":false},"excerpt":{"rendered":"<p>Informationen und Offenlegung gem\u00e4\u00df \u00a75 (1) ECG, \u00a7 25 MedienG, \u00a7 63 GewO und \u00a7 14 UGB Webseitenbetreiber: GARTENARBEITEN KARATOPRAK KGFirmenbuchnummer: FN 227212 kFirmenbuchgericht: Landesgericht Wr. Neustadt Anschrift: Industriegasse..<\/p>\n","protected":false},"author":1,"featured_media":0,"parent":0,"menu_order":0,"comment_status":"closed","ping_status":"closed","template":"","meta":{"footnotes":""},"class_list":["post-66450","page","type-page","status-publish","hentry"],"_links":{"self":[{"href":"https:\/\/karatoprak.landau-webdesign.com\/index.php\/wp-json\/wp\/v2\/pages\/66450","targetHints":{"allow":["GET"]}}],"collection":[{"href":"https:\/\/karatoprak.landau-webdesign.com\/index.php\/wp-json\/wp\/v2\/pages"}],"about":[{"href":"https:\/\/karatoprak.landau-webdesign.com\/index.php\/wp-json\/wp\/v2\/types\/page"}],"author":[{"embeddable":true,"href":"https:\/\/karatoprak.landau-webdesign.com\/index.php\/wp-json\/wp\/v2\/users\/1"}],"replies":[{"embeddable":true,"href":"https:\/\/karatoprak.landau-webdesign.com\/index.php\/wp-json\/wp\/v2\/comments?post=66450"}],"version-history":[{"count":2,"href":"https:\/\/karatoprak.landau-webdesign.com\/index.php\/wp-json\/wp\/v2\/pages\/66450\/revisions"}],"predecessor-version":[{"id":66518,"href":"https:\/\/karatoprak.landau-webdesign.com\/index.php\/wp-json\/wp\/v2\/pages\/66450\/revisions\/66518"}],"wp:attachment":[{"href":"https:\/\/karatoprak.landau-webdesign.com\/index.php\/wp-json\/wp\/v2\/media?parent=66450"}],"curies":[{"name":"wp","href":"https:\/\/api.w.org\/{rel}","templated":true}]}}